{"id":7,"date":"2017-09-18T02:06:47","date_gmt":"2017-09-18T05:06:47","guid":{"rendered":"\/portal\/?page_id=7"},"modified":"2020-06-08T01:02:53","modified_gmt":"2020-06-08T04:02:53","slug":"bem-vindos","status":"publish","type":"page","link":"\/portal\/","title":{"rendered":"Bem Vindos!"},"content":{"rendered":"<p>Bem Vindos ao portal do Vanderson! Links:<\/p>\n<p>O Backup \u00e9 s\u00f3 do servidor de arquivos n\u00e9 Raul? pooo Raul!\u00a0http:\/\/vanderson.cf\/blog (Offline)\u00a0&#8211; dificuldades enfrentadas pelos profissionais de infra no dia a dia.<\/p>\n<p>Canal do Vanderson o Nerd: <a href=\"https:\/\/www.youtube.com\/user\/vandersononerd\/videos\">https:\/\/www.youtube.com\/user\/vandersononerd\/videos<\/a> canal com os tutoriais sobre sistemas e infraestrutura de redes<\/p>\n<p>Canal 2 do Vanderson o Nerd: <a href=\"https:\/\/www.youtube.com\/user\/vandcbs32\/videos\">https:\/\/www.youtube.com\/user\/vandcbs32\/videos<\/a> canal com os tutoriais sobre sistemas e infraestrutura de redes e muito mais<\/p>\n<p>Blog do Canal do Vanderson o Nerd\u00a0<a href=\"http:\/\/vandersononerd.blogspot.com.br\" target=\"_blank\" rel=\"noopener noreferrer\">http:\/\/vandersononerd.blogspot.com.br<\/a> postagens dos v\u00eddeos do canal principal, tutoriais e muito mais!<\/p>\n<p>Blog do Canal 2 do Vanderson o Nerd\u00a0<a href=\"http:\/\/vandersonnerd.blogspot.com.br\" target=\"_blank\" rel=\"noopener noreferrer\">http:\/\/vandersonnerd.blogspot.com.br<\/a>\u00a0postagens dos v\u00eddeos do canal 2, tutoriais e muito mais!<\/p>\n<p>R\u00e1dio CBS &#8211; Comunica\u00e7\u00f5es Brasileira de Sistemas &#8211; a R\u00e1dio dos profissionais de Tecnologia da Informa\u00e7\u00e3o\u00a0<a href=\"http:\/\/rcbs.listen2myradio.com\">http:\/\/rcbs.listen2myradio.com<\/a> e <a href=\"http:\/\/myradiostream.com\/radiocbs\">http:\/\/myradiostream.com\/radiocbs<\/a>\u00a0site da r\u00e1dio com links para ouvir e tudo mais aqui: <a href=\"http:\/\/www.radiocbs.tk\" target=\"_blank\" rel=\"noopener noreferrer\">http:\/\/www.radiocbs.tk<\/a> confiram!<\/p>\n<p>Site da GabardoHost &#8211; Transmiss\u00e3o \u00e1udio e manuten\u00e7\u00e3o de CPDs http:\/\/gabardohost.ga (em constru\u00e7\u00e3o) site com mais informa\u00e7\u00f5es sobre a empresa<\/p>\n<p>Facebook\u00a0<a href=\"https:\/\/www.facebook.com\/networkvanderson\" target=\"_blank\" rel=\"noopener noreferrer\">https:\/\/www.facebook.com\/networkvanderson<\/a> pessoal.<\/p>\n<p>Facebook do Canal do Vanderson o Nerd:\u00a0<a href=\"https:\/\/www.facebook.com\/vandersonnerd\" target=\"_blank\" rel=\"noopener noreferrer\">https:\/\/www.facebook.com\/vandersonnerd<\/a> novidades e outros sobre as atividades dos canais no Youtube<\/p>\n","protected":false},"excerpt":{"rendered":"<p>Bem Vindos ao portal do Vanderson! Links: O Backup \u00e9 s\u00f3 do servidor de arquivos n\u00e9 Raul? pooo Raul!\u00a0http:\/\/vanderson.cf\/blog (Offline)\u00a0&#8211; dificuldades enfrentadas pelos profissionais de infra no dia a dia. Canal do Vanderson o Nerd: https:\/\/www.youtube.com\/user\/vandersononerd\/videos canal com os tutoriais &hellip; <a href=\"\/portal\/\">Continue lendo <span class=\"meta-nav\">&rarr;<\/span><\/a><\/p>\n","protected":false},"author":1,"featured_media":0,"parent":0,"menu_order":0,"comment_status":"closed","ping_status":"closed","template":"","meta":{"footnotes":""},"_links":{"self":[{"href":"\/portal\/index.php?rest_route=\/wp\/v2\/pages\/7"}],"collection":[{"href":"\/portal\/index.php?rest_route=\/wp\/v2\/pages"}],"about":[{"href":"\/portal\/index.php?rest_route=\/wp\/v2\/types\/page"}],"author":[{"embeddable":true,"href":"\/portal\/index.php?rest_route=\/wp\/v2\/users\/1"}],"replies":[{"embeddable":true,"href":"\/portal\/index.php?rest_route=%2Fwp%2Fv2%2Fcomments&post=7"}],"version-history":[{"count":10,"href":"\/portal\/index.php?rest_route=\/wp\/v2\/pages\/7\/revisions"}],"predecessor-version":[{"id":83,"href":"\/portal\/index.php?rest_route=\/wp\/v2\/pages\/7\/revisions\/83"}],"wp:attachment":[{"href":"\/portal\/index.php?rest_route=%2Fwp%2Fv2%2Fmedia&parent=7"}],"curies":[{"name":"wp","href":"https:\/\/api.w.org\/{rel}","templated":true}]}}