{"id":27,"date":"2017-09-18T02:21:31","date_gmt":"2017-09-18T05:21:31","guid":{"rendered":"\/portal\/?page_id=27"},"modified":"2018-12-18T18:27:44","modified_gmt":"2018-12-18T20:27:44","slug":"como-e-hospedado-este-portal","status":"publish","type":"page","link":"\/portal\/?page_id=27","title":{"rendered":"Como \u00e9 hospedado este portal"},"content":{"rendered":"<p>Este portal basicamente \u00e9 hospedado no meu quarto:<\/p>\n<p><a href=\"\/portal\/wp-content\/uploads\/2018\/12\/2-1-e1545162824992.jpg\"><img loading=\"lazy\" decoding=\"async\" class=\"aligncenter wp-image-50 size-large\" src=\"\/portal\/wp-content\/uploads\/2018\/12\/2-1-e1545162824992-576x1024.jpg\" alt=\"\" width=\"576\" height=\"1024\" srcset=\"\/portal\/wp-content\/uploads\/2018\/12\/2-1-e1545162824992-576x1024.jpg 576w, \/portal\/wp-content\/uploads\/2018\/12\/2-1-e1545162824992-169x300.jpg 169w, \/portal\/wp-content\/uploads\/2018\/12\/2-1-e1545162824992-768x1365.jpg 768w, \/portal\/wp-content\/uploads\/2018\/12\/2-1-e1545162824992.jpg 1836w\" sizes=\"(max-width: 576px) 100vw, 576px\" \/><\/a><\/p>\n<blockquote><p>CPD completo com rack e equipamentos<\/p><\/blockquote>\n<p><a href=\"\/portal\/wp-content\/uploads\/2018\/12\/1-1-e1545162790502.jpg\"><img loading=\"lazy\" decoding=\"async\" class=\"aligncenter wp-image-48 size-large\" src=\"\/portal\/wp-content\/uploads\/2018\/12\/1-1-e1545162790502-576x1024.jpg\" alt=\"\" width=\"576\" height=\"1024\" srcset=\"\/portal\/wp-content\/uploads\/2018\/12\/1-1-e1545162790502-576x1024.jpg 576w, \/portal\/wp-content\/uploads\/2018\/12\/1-1-e1545162790502-169x300.jpg 169w, \/portal\/wp-content\/uploads\/2018\/12\/1-1-e1545162790502-768x1365.jpg 768w, \/portal\/wp-content\/uploads\/2018\/12\/1-1-e1545162790502.jpg 1836w\" sizes=\"(max-width: 576px) 100vw, 576px\" \/><\/a><\/p>\n<blockquote><p>CPD aberto para manuten\u00e7\u00e3o e visualiza\u00e7\u00e3o<\/p><\/blockquote>\n<p><a href=\"\/portal\/wp-content\/uploads\/2018\/12\/0-e1545162749153.jpg\"><img loading=\"lazy\" decoding=\"async\" class=\"aligncenter wp-image-46 size-large\" src=\"\/portal\/wp-content\/uploads\/2018\/12\/0-e1545162749153-576x1024.jpg\" alt=\"\" width=\"576\" height=\"1024\" srcset=\"\/portal\/wp-content\/uploads\/2018\/12\/0-e1545162749153-576x1024.jpg 576w, \/portal\/wp-content\/uploads\/2018\/12\/0-e1545162749153-169x300.jpg 169w, \/portal\/wp-content\/uploads\/2018\/12\/0-e1545162749153-768x1365.jpg 768w, \/portal\/wp-content\/uploads\/2018\/12\/0-e1545162749153.jpg 1836w\" sizes=\"(max-width: 576px) 100vw, 576px\" \/><\/a><\/p>\n<blockquote><p>Computador e servidor<\/p><\/blockquote>\n<p><a href=\"\/portal\/wp-content\/uploads\/2018\/12\/1-e1545162769716.jpg\" target=\"_blank\" rel=\"noopener\"><img loading=\"lazy\" decoding=\"async\" class=\"aligncenter wp-image-47 size-large\" src=\"\/portal\/wp-content\/uploads\/2018\/12\/1-e1545162769716-576x1024.jpg\" alt=\"\" width=\"576\" height=\"1024\" srcset=\"\/portal\/wp-content\/uploads\/2018\/12\/1-e1545162769716-576x1024.jpg 576w, \/portal\/wp-content\/uploads\/2018\/12\/1-e1545162769716-169x300.jpg 169w, \/portal\/wp-content\/uploads\/2018\/12\/1-e1545162769716-768x1365.jpg 768w, \/portal\/wp-content\/uploads\/2018\/12\/1-e1545162769716.jpg 1836w\" sizes=\"(max-width: 576px) 100vw, 576px\" \/><\/a><\/p>\n<blockquote><p>Servidor IBM<\/p><\/blockquote>\n<p><a href=\"\/portal\/wp-content\/uploads\/2018\/12\/2-e1545162809413.jpg\" target=\"_blank\" rel=\"noopener\"><img loading=\"lazy\" decoding=\"async\" class=\"aligncenter wp-image-49 size-large\" src=\"\/portal\/wp-content\/uploads\/2018\/12\/2-e1545162809413-576x1024.jpg\" alt=\"\" width=\"576\" height=\"1024\" srcset=\"\/portal\/wp-content\/uploads\/2018\/12\/2-e1545162809413-576x1024.jpg 576w, \/portal\/wp-content\/uploads\/2018\/12\/2-e1545162809413-169x300.jpg 169w, \/portal\/wp-content\/uploads\/2018\/12\/2-e1545162809413-768x1365.jpg 768w, \/portal\/wp-content\/uploads\/2018\/12\/2-e1545162809413.jpg 1836w\" sizes=\"(max-width: 576px) 100vw, 576px\" \/><\/a><\/p>\n<blockquote><p>Computador<\/p><\/blockquote>\n<p><a href=\"\/portal\/wp-content\/uploads\/2018\/12\/3-e1545162842729.jpg\" target=\"_blank\" rel=\"noopener\"><img loading=\"lazy\" decoding=\"async\" class=\"aligncenter wp-image-51 size-large\" src=\"\/portal\/wp-content\/uploads\/2018\/12\/3-e1545162842729-576x1024.jpg\" alt=\"\" width=\"576\" height=\"1024\" srcset=\"\/portal\/wp-content\/uploads\/2018\/12\/3-e1545162842729-576x1024.jpg 576w, \/portal\/wp-content\/uploads\/2018\/12\/3-e1545162842729-169x300.jpg 169w, \/portal\/wp-content\/uploads\/2018\/12\/3-e1545162842729-768x1365.jpg 768w, \/portal\/wp-content\/uploads\/2018\/12\/3-e1545162842729.jpg 1836w\" sizes=\"(max-width: 576px) 100vw, 576px\" \/><\/a><\/p>\n<blockquote><p>Servidor, computador e filtros de linha profissional (abaixo)<\/p><\/blockquote>\n<p><a href=\"\/portal\/wp-content\/uploads\/2018\/12\/4.jpg\" target=\"_blank\" rel=\"noopener\"><img loading=\"lazy\" decoding=\"async\" class=\"aligncenter wp-image-52 size-large\" src=\"\/portal\/wp-content\/uploads\/2018\/12\/4-1024x576.jpg\" alt=\"\" width=\"584\" height=\"329\" srcset=\"\/portal\/wp-content\/uploads\/2018\/12\/4-1024x576.jpg 1024w, \/portal\/wp-content\/uploads\/2018\/12\/4-300x169.jpg 300w, \/portal\/wp-content\/uploads\/2018\/12\/4-768x432.jpg 768w, \/portal\/wp-content\/uploads\/2018\/12\/4-500x281.jpg 500w\" sizes=\"(max-width: 584px) 100vw, 584px\" \/><\/a><\/p>\n<blockquote><p>Mesa de som da R\u00e1dio CBS &#8211; Comunica\u00e7\u00f5es Brasileira de Sistemas &#8211; inativo devido a virtualiza\u00e7\u00e3o dessa mesa de som<\/p><\/blockquote>\n<p><img loading=\"lazy\" decoding=\"async\" class=\"aligncenter wp-image-53 size-large\" src=\"\/portal\/wp-content\/uploads\/2018\/12\/5-e1545162868336-576x1024.jpg\" alt=\"\" width=\"576\" height=\"1024\" srcset=\"\/portal\/wp-content\/uploads\/2018\/12\/5-e1545162868336-576x1024.jpg 576w, \/portal\/wp-content\/uploads\/2018\/12\/5-e1545162868336-169x300.jpg 169w, \/portal\/wp-content\/uploads\/2018\/12\/5-e1545162868336-768x1365.jpg 768w, \/portal\/wp-content\/uploads\/2018\/12\/5-e1545162868336.jpg 1836w\" sizes=\"(max-width: 576px) 100vw, 576px\" \/><\/p>\n<blockquote><p>Mesa de som de retorno do \u00e1udio do PC para o PC<\/p><\/blockquote>\n<p><a href=\"\/portal\/wp-content\/uploads\/2018\/12\/6-e1545162883654.jpg\"><img loading=\"lazy\" decoding=\"async\" class=\"aligncenter wp-image-54 size-large\" src=\"\/portal\/wp-content\/uploads\/2018\/12\/6-e1545162883654-576x1024.jpg\" alt=\"\" width=\"576\" height=\"1024\" srcset=\"\/portal\/wp-content\/uploads\/2018\/12\/6-e1545162883654-576x1024.jpg 576w, \/portal\/wp-content\/uploads\/2018\/12\/6-e1545162883654-169x300.jpg 169w, \/portal\/wp-content\/uploads\/2018\/12\/6-e1545162883654-768x1365.jpg 768w, \/portal\/wp-content\/uploads\/2018\/12\/6-e1545162883654.jpg 1836w\" sizes=\"(max-width: 576px) 100vw, 576px\" \/><\/a><\/p>\n<blockquote><p>Canais de audio usados pelo computador<\/p><\/blockquote>\n<p><a href=\"\/portal\/wp-content\/uploads\/2018\/12\/7.jpg\" target=\"_blank\" rel=\"noopener\"><img loading=\"lazy\" decoding=\"async\" class=\"aligncenter wp-image-55 size-large\" src=\"\/portal\/wp-content\/uploads\/2018\/12\/7-1024x576.jpg\" alt=\"\" width=\"584\" height=\"329\" srcset=\"\/portal\/wp-content\/uploads\/2018\/12\/7-1024x576.jpg 1024w, \/portal\/wp-content\/uploads\/2018\/12\/7-300x169.jpg 300w, \/portal\/wp-content\/uploads\/2018\/12\/7-768x432.jpg 768w, \/portal\/wp-content\/uploads\/2018\/12\/7-500x281.jpg 500w\" sizes=\"(max-width: 584px) 100vw, 584px\" \/><\/a><\/p>\n<blockquote><p>Mesa de som da grava\u00e7\u00e3o (canal 1 e 2 &#8211; sa\u00edda da placa de \u00e1udio canais esquerdo e direito, canal 3 &#8211; cabo azul, retorno da mesa de som do computador)<\/p><\/blockquote>\n<p><a href=\"\/portal\/wp-content\/uploads\/2018\/12\/8-e1545162908547.jpg\" target=\"_blank\" rel=\"noopener\"><img loading=\"lazy\" decoding=\"async\" class=\"aligncenter wp-image-56 size-large\" src=\"\/portal\/wp-content\/uploads\/2018\/12\/8-e1545162908547-576x1024.jpg\" alt=\"\" width=\"576\" height=\"1024\" srcset=\"\/portal\/wp-content\/uploads\/2018\/12\/8-e1545162908547-576x1024.jpg 576w, \/portal\/wp-content\/uploads\/2018\/12\/8-e1545162908547-169x300.jpg 169w, \/portal\/wp-content\/uploads\/2018\/12\/8-e1545162908547-768x1365.jpg 768w, \/portal\/wp-content\/uploads\/2018\/12\/8-e1545162908547.jpg 1836w\" sizes=\"(max-width: 576px) 100vw, 576px\" \/><\/a><\/p>\n<blockquote><p>Sa\u00edda para grava\u00e7\u00e3o na placa de \u00e1udio profissional<\/p><\/blockquote>\n<p><a href=\"\/portal\/wp-content\/uploads\/2018\/12\/12-e1545162966234.jpg\" target=\"_blank\" rel=\"noopener\"><img loading=\"lazy\" decoding=\"async\" class=\"aligncenter wp-image-60 size-large\" src=\"\/portal\/wp-content\/uploads\/2018\/12\/12-e1545162966234-576x1024.jpg\" alt=\"\" width=\"576\" height=\"1024\" srcset=\"\/portal\/wp-content\/uploads\/2018\/12\/12-e1545162966234-576x1024.jpg 576w, \/portal\/wp-content\/uploads\/2018\/12\/12-e1545162966234-169x300.jpg 169w, \/portal\/wp-content\/uploads\/2018\/12\/12-e1545162966234-768x1365.jpg 768w, \/portal\/wp-content\/uploads\/2018\/12\/12-e1545162966234.jpg 1836w\" sizes=\"(max-width: 576px) 100vw, 576px\" \/><\/a><\/p>\n<blockquote><p>Geral &#8211; Mesas de som<\/p><\/blockquote>\n<p><a href=\"\/portal\/wp-content\/uploads\/2018\/12\/11-e1545163479768.jpg\" target=\"_blank\" rel=\"noopener\"><img loading=\"lazy\" decoding=\"async\" class=\"aligncenter wp-image-59 size-large\" src=\"\/portal\/wp-content\/uploads\/2018\/12\/11-e1545163479768-576x1024.jpg\" alt=\"\" width=\"576\" height=\"1024\" srcset=\"\/portal\/wp-content\/uploads\/2018\/12\/11-e1545163479768-576x1024.jpg 576w, \/portal\/wp-content\/uploads\/2018\/12\/11-e1545163479768-169x300.jpg 169w, \/portal\/wp-content\/uploads\/2018\/12\/11-e1545163479768-768x1365.jpg 768w, \/portal\/wp-content\/uploads\/2018\/12\/11-e1545163479768.jpg 1836w\" sizes=\"(max-width: 576px) 100vw, 576px\" \/><\/a><\/p>\n<blockquote><p>Placa de \u00e1udio profissional para grava\u00e7\u00e3o &#8211; TriCapture da Roland<\/p><\/blockquote>\n<p><a href=\"\/portal\/wp-content\/uploads\/2018\/12\/9-e1545162925739.jpg\" target=\"_blank\" rel=\"noopener\"><img loading=\"lazy\" decoding=\"async\" class=\"aligncenter wp-image-57 size-large\" src=\"\/portal\/wp-content\/uploads\/2018\/12\/9-e1545162925739-576x1024.jpg\" alt=\"\" width=\"576\" height=\"1024\" srcset=\"\/portal\/wp-content\/uploads\/2018\/12\/9-e1545162925739-576x1024.jpg 576w, \/portal\/wp-content\/uploads\/2018\/12\/9-e1545162925739-169x300.jpg 169w, \/portal\/wp-content\/uploads\/2018\/12\/9-e1545162925739-768x1365.jpg 768w, \/portal\/wp-content\/uploads\/2018\/12\/9-e1545162925739.jpg 1836w\" sizes=\"(max-width: 576px) 100vw, 576px\" \/><\/a><\/p>\n<blockquote><p>Microfone Berhinger &#8211; C4 de phantom power<\/p><\/blockquote>\n<p><a href=\"\/portal\/wp-content\/uploads\/2018\/12\/10-e1545162940718.jpg\" target=\"_blank\" rel=\"noopener\"><img loading=\"lazy\" decoding=\"async\" class=\"aligncenter wp-image-58 size-large\" src=\"\/portal\/wp-content\/uploads\/2018\/12\/10-e1545162940718-576x1024.jpg\" alt=\"\" width=\"576\" height=\"1024\" srcset=\"\/portal\/wp-content\/uploads\/2018\/12\/10-e1545162940718-576x1024.jpg 576w, \/portal\/wp-content\/uploads\/2018\/12\/10-e1545162940718-169x300.jpg 169w, \/portal\/wp-content\/uploads\/2018\/12\/10-e1545162940718-768x1365.jpg 768w, \/portal\/wp-content\/uploads\/2018\/12\/10-e1545162940718.jpg 1836w\" sizes=\"(max-width: 576px) 100vw, 576px\" \/><\/a><\/p>\n<blockquote><p>Microfone da bancada<\/p><\/blockquote>\n<p><a href=\"\/portal\/wp-content\/uploads\/2018\/12\/13-e1545163543893.jpg\" target=\"_blank\" rel=\"noopener\"><img loading=\"lazy\" decoding=\"async\" class=\"aligncenter wp-image-61 size-large\" src=\"\/portal\/wp-content\/uploads\/2018\/12\/13-e1545163543893-576x1024.jpg\" alt=\"\" width=\"576\" height=\"1024\" srcset=\"\/portal\/wp-content\/uploads\/2018\/12\/13-e1545163543893-576x1024.jpg 576w, \/portal\/wp-content\/uploads\/2018\/12\/13-e1545163543893-169x300.jpg 169w, \/portal\/wp-content\/uploads\/2018\/12\/13-e1545163543893-768x1365.jpg 768w, \/portal\/wp-content\/uploads\/2018\/12\/13-e1545163543893.jpg 1836w\" sizes=\"(max-width: 576px) 100vw, 576px\" \/><\/a><\/p>\n<blockquote><p>Modem de sa\u00edda de internet da NET IP fixo 10 Mbps<\/p><\/blockquote>\n<p><a href=\"\/portal\/wp-content\/uploads\/2018\/12\/14-e1545162997737.jpg\" target=\"_blank\" rel=\"noopener\"><img loading=\"lazy\" decoding=\"async\" class=\"aligncenter wp-image-62 size-large\" src=\"\/portal\/wp-content\/uploads\/2018\/12\/14-e1545162997737-576x1024.jpg\" alt=\"\" width=\"576\" height=\"1024\" srcset=\"\/portal\/wp-content\/uploads\/2018\/12\/14-e1545162997737-576x1024.jpg 576w, \/portal\/wp-content\/uploads\/2018\/12\/14-e1545162997737-169x300.jpg 169w, \/portal\/wp-content\/uploads\/2018\/12\/14-e1545162997737-768x1365.jpg 768w, \/portal\/wp-content\/uploads\/2018\/12\/14-e1545162997737.jpg 1836w\" sizes=\"(max-width: 576px) 100vw, 576px\" \/><\/a><\/p>\n<blockquote><p>Switch Tp-Link 8 portas gigabit ethernet<\/p><\/blockquote>\n<p><a href=\"\/portal\/wp-content\/uploads\/2018\/12\/15.1-e1545163054873.jpg\" target=\"_blank\" rel=\"noopener\"><img loading=\"lazy\" decoding=\"async\" class=\"aligncenter wp-image-63 size-large\" src=\"\/portal\/wp-content\/uploads\/2018\/12\/15.1-e1545163054873-576x1024.jpg\" alt=\"\" width=\"576\" height=\"1024\" srcset=\"\/portal\/wp-content\/uploads\/2018\/12\/15.1-e1545163054873-576x1024.jpg 576w, \/portal\/wp-content\/uploads\/2018\/12\/15.1-e1545163054873-169x300.jpg 169w, \/portal\/wp-content\/uploads\/2018\/12\/15.1-e1545163054873-768x1365.jpg 768w, \/portal\/wp-content\/uploads\/2018\/12\/15.1-e1545163054873.jpg 1836w\" sizes=\"(max-width: 576px) 100vw, 576px\" \/><\/a><\/p>\n<blockquote><p>PDU &#8211; Power Distribution Unit da Volt &#8211; modelo inteligente, desliga e liga as tomadas remotamente<\/p><\/blockquote>\n<p><a href=\"\/portal\/wp-content\/uploads\/2018\/12\/15-e1545163070274.jpg\" target=\"_blank\" rel=\"noopener\"><img loading=\"lazy\" decoding=\"async\" class=\"aligncenter wp-image-64 size-large\" src=\"\/portal\/wp-content\/uploads\/2018\/12\/15-e1545163070274-576x1024.jpg\" alt=\"\" width=\"576\" height=\"1024\" srcset=\"\/portal\/wp-content\/uploads\/2018\/12\/15-e1545163070274-576x1024.jpg 576w, \/portal\/wp-content\/uploads\/2018\/12\/15-e1545163070274-169x300.jpg 169w, \/portal\/wp-content\/uploads\/2018\/12\/15-e1545163070274-768x1365.jpg 768w, \/portal\/wp-content\/uploads\/2018\/12\/15-e1545163070274.jpg 1836w\" sizes=\"(max-width: 576px) 100vw, 576px\" \/><\/a><\/p>\n<blockquote><p>Nobreak e filtros de linha profissional para rack 19<\/p><\/blockquote>\n<p><a href=\"\/portal\/wp-content\/uploads\/2018\/12\/16-e1545163089850.jpg\" target=\"_blank\" rel=\"noopener\"><img loading=\"lazy\" decoding=\"async\" class=\"aligncenter wp-image-65 size-large\" src=\"\/portal\/wp-content\/uploads\/2018\/12\/16-e1545163089850-576x1024.jpg\" alt=\"\" width=\"576\" height=\"1024\" srcset=\"\/portal\/wp-content\/uploads\/2018\/12\/16-e1545163089850-576x1024.jpg 576w, \/portal\/wp-content\/uploads\/2018\/12\/16-e1545163089850-169x300.jpg 169w, \/portal\/wp-content\/uploads\/2018\/12\/16-e1545163089850-768x1365.jpg 768w, \/portal\/wp-content\/uploads\/2018\/12\/16-e1545163089850.jpg 1836w\" sizes=\"(max-width: 576px) 100vw, 576px\" \/><\/a><\/p>\n<blockquote><p>Filtro de linha profissional com indicador de tens\u00e3o el\u00e9trica de rede<\/p><\/blockquote>\n<p><a href=\"\/portal\/wp-content\/uploads\/2018\/12\/17-e1545163107711.jpg\" target=\"_blank\" rel=\"noopener\"><img loading=\"lazy\" decoding=\"async\" class=\"aligncenter wp-image-66 size-large\" src=\"\/portal\/wp-content\/uploads\/2018\/12\/17-e1545163107711-576x1024.jpg\" alt=\"\" width=\"576\" height=\"1024\" srcset=\"\/portal\/wp-content\/uploads\/2018\/12\/17-e1545163107711-576x1024.jpg 576w, \/portal\/wp-content\/uploads\/2018\/12\/17-e1545163107711-169x300.jpg 169w, \/portal\/wp-content\/uploads\/2018\/12\/17-e1545163107711-768x1365.jpg 768w, \/portal\/wp-content\/uploads\/2018\/12\/17-e1545163107711.jpg 1836w\" sizes=\"(max-width: 576px) 100vw, 576px\" \/><\/a><\/p>\n<blockquote><p>Rel\u00e9 de prote\u00e7\u00e3o contra sub e sobretens\u00e3o, contatora e disjuntor b\u00e1sico<\/p><\/blockquote>\n<p><a href=\"\/portal\/wp-content\/uploads\/2018\/12\/18.jpg\" target=\"_blank\" rel=\"noopener\"><img loading=\"lazy\" decoding=\"async\" class=\"aligncenter wp-image-67 size-large\" src=\"\/portal\/wp-content\/uploads\/2018\/12\/18-1024x576.jpg\" alt=\"\" width=\"584\" height=\"329\" srcset=\"\/portal\/wp-content\/uploads\/2018\/12\/18-1024x576.jpg 1024w, \/portal\/wp-content\/uploads\/2018\/12\/18-300x169.jpg 300w, \/portal\/wp-content\/uploads\/2018\/12\/18-768x432.jpg 768w, \/portal\/wp-content\/uploads\/2018\/12\/18-500x281.jpg 500w\" sizes=\"(max-width: 584px) 100vw, 584px\" \/><\/a><\/p>\n<blockquote><p>Bot\u00e3o de acionamento da energia para prote\u00e7\u00e3o<\/p><\/blockquote>\n<p><a href=\"\/portal\/wp-content\/uploads\/2018\/12\/19-e1545163137615.jpg\" target=\"_blank\" rel=\"noopener\"><img loading=\"lazy\" decoding=\"async\" class=\"aligncenter wp-image-68 size-large\" src=\"\/portal\/wp-content\/uploads\/2018\/12\/19-e1545163137615-576x1024.jpg\" alt=\"\" width=\"576\" height=\"1024\" srcset=\"\/portal\/wp-content\/uploads\/2018\/12\/19-e1545163137615-576x1024.jpg 576w, \/portal\/wp-content\/uploads\/2018\/12\/19-e1545163137615-169x300.jpg 169w, \/portal\/wp-content\/uploads\/2018\/12\/19-e1545163137615-768x1365.jpg 768w, \/portal\/wp-content\/uploads\/2018\/12\/19-e1545163137615.jpg 1836w\" sizes=\"(max-width: 576px) 100vw, 576px\" \/><\/a><\/p>\n<blockquote><p>Quadro de distribui\u00e7\u00e3o el\u00e9trico, essa fita \u00e9 para proteger de poeira apenas<\/p><\/blockquote>\n","protected":false},"excerpt":{"rendered":"<p>Este portal basicamente \u00e9 hospedado no meu quarto: CPD completo com rack e equipamentos CPD aberto para manuten\u00e7\u00e3o e visualiza\u00e7\u00e3o Computador e servidor Servidor IBM Computador Servidor, computador e filtros de linha profissional (abaixo) Mesa de som da R\u00e1dio CBS &hellip; <a href=\"\/portal\/?page_id=27\">Continue lendo <span class=\"meta-nav\">&rarr;<\/span><\/a><\/p>\n","protected":false},"author":1,"featured_media":0,"parent":0,"menu_order":0,"comment_status":"closed","ping_status":"closed","template":"","meta":{"footnotes":""},"_links":{"self":[{"href":"\/portal\/index.php?rest_route=\/wp\/v2\/pages\/27"}],"collection":[{"href":"\/portal\/index.php?rest_route=\/wp\/v2\/pages"}],"about":[{"href":"\/portal\/index.php?rest_route=\/wp\/v2\/types\/page"}],"author":[{"embeddable":true,"href":"\/portal\/index.php?rest_route=\/wp\/v2\/users\/1"}],"replies":[{"embeddable":true,"href":"\/portal\/index.php?rest_route=%2Fwp%2Fv2%2Fcomments&post=27"}],"version-history":[{"count":5,"href":"\/portal\/index.php?rest_route=\/wp\/v2\/pages\/27\/revisions"}],"predecessor-version":[{"id":72,"href":"\/portal\/index.php?rest_route=\/wp\/v2\/pages\/27\/revisions\/72"}],"wp:attachment":[{"href":"\/portal\/index.php?rest_route=%2Fwp%2Fv2%2Fmedia&parent=27"}],"curies":[{"name":"wp","href":"https:\/\/api.w.org\/{rel}","templated":true}]}}